{"id":846,"date":"2025-09-17T21:40:45","date_gmt":"2025-09-17T21:40:45","guid":{"rendered":"https:\/\/goldrefuge.com\/?page_id=846"},"modified":"2025-10-27T20:35:03","modified_gmt":"2025-10-27T18:35:03","slug":"politica-cookies","status":"publish","type":"page","link":"https:\/\/goldrefuge.com\/es\/politica-cookies\/","title":{"rendered":"Pol\u00edtica de Cookies"},"content":{"rendered":"<div data-elementor-type=\"wp-page\" data-elementor-id=\"846\" class=\"elementor elementor-846\" data-elementor-post-type=\"page\">\n\t\t\t\t\t\t<section class=\"elementor-section elementor-top-section elementor-element elementor-element-7b7b4bf2 elementor-section-boxed elementor-section-height-default elementor-section-height-default\" data-id=\"7b7b4bf2\" data-element_type=\"section\">\n\t\t\t\t\t\t<div class=\"elementor-container elementor-column-gap-default\">\n\t\t\t\t\t<div class=\"elementor-column elementor-col-100 elementor-top-column elementor-element elementor-element-430e1453\" data-id=\"430e1453\" data-element_type=\"column\">\n\t\t\t<div class=\"elementor-widget-wrap elementor-element-populated\">\n\t\t\t\t\t\t<div class=\"elementor-element elementor-element-462e647 elementor-widget elementor-widget-html\" data-id=\"462e647\" data-element_type=\"widget\" data-widget_type=\"html.default\">\n\t\t\t\t<div class=\"elementor-widget-container\">\n\t\t\t\t\t<html>\r\n<head>\r\n    <style>\r\n        body {\r\n            background-color: #121212;\r\n            margin: 0;\r\n            padding: 0;\r\n            font-family: sans-serif;\r\n        }\r\n\r\n        .privacy-policy-container {\r\n            font-family: sans-serif;\r\n            line-height: 1.6;\r\n            color: #fff;\r\n            max-width: 900px;\r\n            margin: 0 auto;\r\n            padding: 20px;\r\n            box-sizing: border-box;\r\n        }\r\n        \r\n        @media (max-width: 600px) {\r\n            .privacy-policy-container {\r\n                padding: 10px;\r\n            }\r\n        }\r\n\r\n        .privacy-policy-container .main-title {\r\n            color: #d29c40; \r\n            font-family: 'Cinzel', serif;\r\n            font-size: 2.2rem;\r\n            font-weight: bold;\r\n            margin-bottom: 30px;\r\n            display: block;\r\n            text-align: center;\r\n            line-height: 1.2;\r\n        }\r\n        .privacy-policy-container h2 {\r\n            font-family: 'Montserrat', sans-serif;\r\n            color: #d29c40;\r\n            margin-top: 40px;\r\n            border-bottom: 2px solid #d29c40;\r\n            padding-bottom: 10px;\r\n            font-size: 1.6rem;\r\n            font-weight: 700;\r\n        }\r\n        .privacy-policy-container h3 {\r\n            font-family: 'Montserrat', sans-serif;\r\n            color: #d29c40;\r\n            margin-top: 25px;\r\n            margin-bottom: 10px;\r\n            font-size: 1.3rem;\r\n            font-weight: 700;\r\n        }\r\n\r\n        .privacy-policy-container p {\r\n            font-size: 1em;\r\n            margin-bottom: 15px;\r\n        }\r\n        .privacy-policy-container strong {\r\n            color: #d29c40;\r\n            font-weight: bold;\r\n        }\r\n        \r\n        .privacy-policy-container ul {\r\n            list-style-type: none;\r\n            padding-left: 0;\r\n            margin-bottom: 20px;\r\n        }\r\n        .privacy-policy-container li {\r\n            margin-bottom: 12px;\r\n            padding-left: 1.5em;\r\n            position: relative;\r\n        }\r\n        .privacy-policy-container li::before {\r\n            content: '\u2666';\r\n            color: #d29c40;\r\n            font-size: 0.8em;\r\n            position: absolute;\r\n            left: 0;\r\n            top: 0;\r\n        }\r\n\r\n        .privacy-policy-container a {\r\n            color: #ffda8e;\r\n            text-decoration: none;\r\n        }\r\n        .privacy-policy-container a:hover {\r\n            text-decoration: underline;\r\n        }\r\n    <\/style>\r\n<\/head>\r\n<body>\r\n\r\n<div class=\"privacy-policy-container\">\r\n\r\n<div class=\"main-title\">Pol\u00edtica de Cookies<\/div>\r\n\r\n<p>\r\n    Cuando accede a nuestro sitio web, un peque\u00f1o texto denominado <strong>\u201ccookie\u201d<\/strong> se almacena en su navegador. Este texto contiene informaci\u00f3n variada sobre su navegaci\u00f3n, h\u00e1bitos, preferencias, personalizaci\u00f3n de contenidos, etc.\r\n    Existen otras tecnolog\u00edas que funcionan de forma similar y que tambi\u00e9n se utilizan para recopilar datos sobre su actividad de navegaci\u00f3n. Nos referiremos a todas estas tecnolog\u00edas colectivamente como <strong>\u201ccookies\u201d<\/strong>.\r\n    Los usos espec\u00edficos que hacemos de estas tecnolog\u00edas se describen en este documento.\r\n<\/p>\r\n\r\n<h2>\u00bfQu\u00e9 son las cookies?<\/h2>\r\n<p>\r\n    En ingl\u00e9s, el t\u00e9rmino \"cookie\" significa una peque\u00f1a golosina horneada, pero en el contexto de la navegaci\u00f3n web, una <strong>\u201ccookie\u201d<\/strong> es algo totalmente distinto. Cuando usted accede a nuestro Sitio Web, una peque\u00f1a cantidad de texto llamada <strong>\u201ccookie\u201d<\/strong> se almacena en su navegador. Este texto contiene informaci\u00f3n variada sobre su navegaci\u00f3n, h\u00e1bitos, preferencias, personalizaci\u00f3n de contenidos, etc.\r\n    Existen otras tecnolog\u00edas que funcionan de forma similar y que tambi\u00e9n se utilizan para recopilar datos sobre su actividad de navegaci\u00f3n. Nos referiremos a todas estas tecnolog\u00edas colectivamente como \u201ccookies\u201d.\r\n    Los usos espec\u00edficos que hacemos de estas tecnolog\u00edas se describen en este documento.\r\n<\/p>\r\n\r\n<h2>\u00bfPara qu\u00e9 se utilizan las cookies en este sitio web?<\/h2>\r\n<p>\r\n    Las cookies son una parte esencial del funcionamiento del sitio web. El objetivo principal de nuestras cookies es <strong>mejorar su experiencia de navegaci\u00f3n<\/strong>. Por ejemplo, se utilizan para recordar sus preferencias (idioma, pa\u00eds, etc.) durante la navegaci\u00f3n y para futuras visitas. La informaci\u00f3n recogida por las cookies tambi\u00e9n nos permite mejorar el Sitio Web, adaptarlo a sus intereses como usuario, agilizar sus b\u00fasquedas, etc.\r\n<\/p>\r\n<p>\r\n    En determinados casos, si hemos obtenido su consentimiento informado previo, podemos utilizar cookies para otros fines, como obtener informaci\u00f3n que nos permita mostrarle <strong>publicidad basada en el an\u00e1lisis de sus h\u00e1bitos de navegaci\u00f3n<\/strong>.\r\n<\/p>\r\n\r\n<h2>\u00bfPara qu\u00e9 NO se utilizan las cookies en este sitio web?<\/h2>\r\n<p>\r\n    Las cookies que utilizamos no almacenan informaci\u00f3n sensible de identificaci\u00f3n personal, como su nombre, direcci\u00f3n o contrase\u00f1a.\r\n<\/p>\r\n\r\n<h2>\u00bfQui\u00e9n utiliza la informaci\u00f3n almacenada en las cookies?<\/h2>\r\n<p>\r\n    La informaci\u00f3n almacenada en las cookies de nuestro Sitio Web es utilizada exclusivamente por nosotros, a excepci\u00f3n de las identificadas a continuaci\u00f3n como <strong>\u201ccookies de terceros\u201d.\u201d<\/strong> que son utilizadas y gestionadas por entidades externas que prestan servicios para mejorar la experiencia del usuario. Por ejemplo, las estad\u00edsticas recogidas sobre el n\u00famero de visitas, los contenidos que m\u00e1s gustan, etc., suelen ser gestionadas por <strong>Google Analytics<\/strong>.\r\n<\/p>\r\n<p>\r\n    Las cookies de terceros tambi\u00e9n se utilizan habitualmente para garantizar las transacciones de pago realizadas a trav\u00e9s del sitio web.\r\n<\/p>\r\n\r\n<h2>\u00bfC\u00f3mo puede evitar el uso de cookies en este sitio web?<\/h2>\r\n<p>\r\n    Si prefiere evitar el uso de cookies, puede <strong>RECHAZAR<\/strong> su uso o <strong>CONFIGURE<\/strong> cu\u00e1les desea evitar y cu\u00e1les permite que se utilicen (en este documento, proporcionamos informaci\u00f3n ampliada sobre cada tipo de cookie, su finalidad, destinatario, duraci\u00f3n, etc.).\r\n<\/p>\r\n<p>\r\n    Si las ha aceptado, no volveremos a pregunt\u00e1rselo a menos que elimine las cookies de su dispositivo, como se indica en la siguiente secci\u00f3n. Si desea revocar su consentimiento, deber\u00e1 eliminar las cookies y volver a configurarlas.\r\n<\/p>\r\n\r\n<h2>\u00bfC\u00f3mo desactivo y elimino el uso de cookies?<\/h2>\r\n<p>\r\n    El Propietario muestra informaci\u00f3n sobre la Pol\u00edtica de Cookies en el banner de cookies accesible en todas las p\u00e1ginas del Sitio Web. El banner de cookies muestra informaci\u00f3n esencial relativa al tratamiento de datos y permite al Usuario realizar las siguientes acciones:\r\n<\/p>\r\n<ul>\r\n    <li><strong>ACEPTAR<\/strong> o <strong>RECHAZAR<\/strong> la instalaci\u00f3n de cookies, o retirar el consentimiento previamente otorgado.<\/li>\r\n    <li>Cambie las preferencias de cookies desde la p\u00e1gina \u201cPersonalizar cookies\u201d, accesible desde el Aviso sobre cookies o desde la p\u00e1gina \u201cPersonalizar cookies\u201d.<\/li>\r\n    <li>Obtenga informaci\u00f3n adicional en la p\u00e1gina de Pol\u00edtica de Cookies.<\/li>\r\n<\/ul>\r\n<p>\r\n    Para restringir, bloquear o eliminar las cookies de este sitio web (y las utilizadas por terceros), puede hacerlo en cualquier momento modificando la configuraci\u00f3n de su navegador. Tenga en cuenta que esta configuraci\u00f3n difiere en cada navegador.\r\n<\/p>\r\n<p>\r\n    A continuaci\u00f3n encontrar\u00e1 enlaces a instrucciones para activar o desactivar las cookies en los navegadores m\u00e1s comunes:\r\n<\/p>\r\n<ul>\r\n    <li><a href=\"#\">Firefox<\/a><\/li>\r\n    <li><a href=\"#\">Google Chrome<\/a><\/li>\r\n    <li><a href=\"#\">Internet Explorer<\/a><\/li>\r\n    <li><a href=\"#\">Microsoft Edge<\/a><\/li>\r\n    <li><a href=\"#\">Safari<\/a><\/li>\r\n<\/ul>\r\n\r\n<h2>\u00bfQu\u00e9 tipos de cookies se utilizan en este sitio web?<\/h2>\r\n<p>\r\n    Cada sitio web utiliza sus propias cookies. En nuestro sitio web, utilizamos los siguientes tipos:\r\n<\/p>\r\n\r\n<h3>SEG\u00daN LA ENTIDAD QUE LOS GESTIONE<\/h3>\r\n<ul>\r\n    <li><strong>Cookies de origen:<\/strong>\r\n        <p>Son aqu\u00e9llas que se env\u00edan al dispositivo del Usuario desde un equipo o dominio gestionado por el editor y desde el que se presta el servicio solicitado por el Usuario.<\/p>\r\n    <\/li>\r\n    <li><strong>Cookies de terceros:<\/strong>\r\n        <p>Son aqu\u00e9llas que se env\u00edan al equipo terminal del Usuario desde un equipo o dominio que no es gestionado por el editor, sino por otra entidad que trata los datos obtenidos trav\u00e9s de las cookies.<\/p>\r\n        <p>En el caso de que las cookies sean servidas desde un equipo o dominio gestionado por el propio editor, pero la informaci\u00f3n que se recoja sea gestionada por un tercero, no pueden ser consideradas cookies de origen si este tercero las utiliza para sus propios fines (por ejemplo, para mejorar los servicios que ofrecen o para ofrecer servicios publicitarios a favor de otras entidades).<\/p>\r\n    <\/li>\r\n<\/ul>\r\n\r\n<h3>SEG\u00daN SU PROP\u00d3SITO<\/h3>\r\n<ul>\r\n    <li><strong>Cookies t\u00e9cnicas:<\/strong>\r\n        <p>Son necesarias para la navegaci\u00f3n y el buen funcionamiento de nuestro Sitio Web, tales como controlar el tr\u00e1fico y la comunicaci\u00f3n de datos, identificar la sesi\u00f3n, acceder a partes de acceso restringido, recordar los elementos de un pedido, tramitar la compra de un pedido, gestionar el pago, controlar el fraude relacionado con la seguridad del servicio, realizar la solicitud de inscripci\u00f3n o participaci\u00f3n en un evento, contabilizar las visitas a efectos de facturaci\u00f3n de licencias de software utilizadas por el Sitio Web, utilizar elementos de seguridad durante la navegaci\u00f3n, almacenar contenidos para la difusi\u00f3n de v\u00eddeos o sonido, permitir contenidos din\u00e1micos (por ejemplo, cargar animaciones de texto o imagen) o compartir contenidos a trav\u00e9s de redes sociales.<\/p>\r\n    <\/li>\r\n    <li><strong>Cookies anal\u00edticas:<\/strong>\r\n        <p>Son aqu\u00e9llas que nos permiten cuantificar el n\u00famero de usuarios y as\u00ed realizar la medici\u00f3n y an\u00e1lisis estad\u00edstico de la utilizaci\u00f3n que hacen los usuarios del sitio web. Para ello se analiza su navegaci\u00f3n en nuestra p\u00e1gina web con el fin de mejorar la oferta de productos o servicios que le ofrecemos.<\/p>\r\n    <\/li>\r\n    <li><strong>Cookies de preferencias o personalizaci\u00f3n:<\/strong>\r\n        <p>Son aqu\u00e9llas que permiten recordar informaci\u00f3n para que el Usuario acceda al servicio con algunas caracter\u00edsticas que diferencian su experiencia de uso de la de otros usuarios, como por ejemplo el idioma, el n\u00famero de resultados que se muestran al realizar una b\u00fasqueda, la apariencia o contenido del servicio, seg\u00fan el tipo de navegador a trav\u00e9s del cual accede al servicio, o la configuraci\u00f3n regional desde donde accede al servicio, etc.<\/p>\r\n    <\/li>\r\n<\/ul>\r\n\r\n<h3>SEG\u00daN EL TIEMPO QUE PERMANEZCAN ACTIVADOS<\/h3>\r\n<ul>\r\n    <li><strong>Cookies de sesi\u00f3n:<\/strong>\r\n        <p>Est\u00e1n dise\u00f1adas para recoger y almacenar datos mientras el usuario accede a una p\u00e1gina web.<\/p>\r\n        <p>Generalmente se utilizan para almacenar informaci\u00f3n que s\u00f3lo es necesario conservar para prestar el servicio solicitado por el Usuario en una \u00fanica ocasi\u00f3n (por ejemplo, una lista de productos comprados) y desaparecen al finalizar la sesi\u00f3n.<\/p>\r\n    <\/li>\r\n    <li><strong>Cookies persistentes:<\/strong>\r\n        <p>Son aqu\u00e9llas en las que los datos siguen almacenados en el terminal y pueden ser accedidos y tratados durante un periodo definido por el responsable de la cookie, y que puede ir de unos minutos a varios a\u00f1os. En este sentido, es necesario evaluar espec\u00edficamente si es necesario el uso de cookies persistentes, ya que los riesgos para la privacidad podr\u00edan reducirse utilizando cookies de sesi\u00f3n. En cualquier caso, cuando se instalen cookies persistentes, se recomienda minimizar su duraci\u00f3n en la medida necesaria para la finalidad prevista. En este sentido, el Dictamen 4\/2012 del WP29 indic\u00f3 que para que una cookie est\u00e9 exenta de los requisitos de consentimiento informado, su expiraci\u00f3n debe estar relacionada con su finalidad. En consecuencia, es mucho m\u00e1s probable que las cookies de sesi\u00f3n se consideren exentas que las cookies persistentes.<\/p>\r\n    <\/li>\r\n<\/ul>\r\n\r\n<h2>Detalles de las cookies utilizadas en este sitio web:<\/h2>\r\n<ul>\r\n    <li><strong>__stripe_mid<\/strong>\r\n        <p>Prevenci\u00f3n y detecci\u00f3n del fraude<\/p>\r\n        <p>Categor\u00eda: Funcional.<\/p>\r\n        <p>Duraci\u00f3n: 1 a\u00f1o.<\/p>\r\n        <p>Pol\u00edtica de privacidad: <a href=\"https:\/\/stripe.com\/en-nl\/privacy\" target=\"_blank\" rel=\"noopener\">https:\/\/stripe.com\/en-nl\/privacy<\/a><\/p>\r\n    <\/li>\r\n    <li><strong>__stripe_sid<\/strong>\r\n        <p>Prevenci\u00f3n y detecci\u00f3n del fraude<\/p>\r\n        <p>Categor\u00eda: Funcional.<\/p>\r\n        <p>Duraci\u00f3n: 30 minutos.<\/p>\r\n        <p>Pol\u00edtica de privacidad: <a href=\"https:\/\/stripe.com\/en-nl\/privacy\" target=\"_blank\" rel=\"noopener\">https:\/\/stripe.com\/en-nl\/privacy<\/a><\/p>\r\n    <\/li>\r\n    <li><strong>wpfuuid<\/strong>\r\n        <p>(No se facilitan m\u00e1s detalles)<\/p>\r\n    <\/li>\r\n    <li><strong>wordpress_test_cookie<\/strong>\r\n        <p>Cookie establecida por WordPress para comprobar si las cookies est\u00e1n habilitadas en el navegador para proporcionar una experiencia de usuario adecuada a los usuarios.<\/p>\r\n        <p>Categor\u00eda: Funcional.<\/p>\r\n        <p>Duraci\u00f3n: sesi\u00f3n.<\/p>\r\n    <\/li>\r\n    \r\n   <\/ul>\r\n\r\n<\/div>\r\n\r\n<\/body>\r\n<\/html>\r\n\t\t\t\t<\/div>\n\t\t\t\t<\/div>\n\t\t\t\t\t<\/div>\n\t\t<\/div>\n\t\t\t\t\t<\/div>\n\t\t<\/section>\n\t\t\t\t<\/div>","protected":false},"excerpt":{"rendered":"<p>&nbsp; Cookie Policy When you access our Website, a small amount of text called a \u201ccookie\u201d is stored in your browser. This text contains varied information about your browsing, habits, preferences, content customizations, etc. There are other technologies that work similarly and are also used to collect data about your browsing activity. We will refer [&hellip;]<\/p>","protected":false},"author":2,"featured_media":0,"parent":0,"menu_order":0,"comment_status":"closed","ping_status":"closed","template":"","meta":{"footnotes":""},"class_list":["post-846","page","type-page","status-publish","hentry"],"_links":{"self":[{"href":"https:\/\/goldrefuge.com\/es\/wp-json\/wp\/v2\/pages\/846","targetHints":{"allow":["GET"]}}],"collection":[{"href":"https:\/\/goldrefuge.com\/es\/wp-json\/wp\/v2\/pages"}],"about":[{"href":"https:\/\/goldrefuge.com\/es\/wp-json\/wp\/v2\/types\/page"}],"author":[{"embeddable":true,"href":"https:\/\/goldrefuge.com\/es\/wp-json\/wp\/v2\/users\/2"}],"replies":[{"embeddable":true,"href":"https:\/\/goldrefuge.com\/es\/wp-json\/wp\/v2\/comments?post=846"}],"version-history":[{"count":35,"href":"https:\/\/goldrefuge.com\/es\/wp-json\/wp\/v2\/pages\/846\/revisions"}],"predecessor-version":[{"id":1690,"href":"https:\/\/goldrefuge.com\/es\/wp-json\/wp\/v2\/pages\/846\/revisions\/1690"}],"wp:attachment":[{"href":"https:\/\/goldrefuge.com\/es\/wp-json\/wp\/v2\/media?parent=846"}],"curies":[{"name":"wp","href":"https:\/\/api.w.org\/{rel}","templated":true}]}}