{"id":852,"date":"2025-09-17T21:45:09","date_gmt":"2025-09-17T21:45:09","guid":{"rendered":"https:\/\/goldrefuge.com\/?page_id=852"},"modified":"2025-10-27T20:34:26","modified_gmt":"2025-10-27T18:34:26","slug":"politica-privacidad","status":"publish","type":"page","link":"https:\/\/goldrefuge.com\/es\/politica-privacidad\/","title":{"rendered":"Pol\u00edtica de Privacidad"},"content":{"rendered":"<div data-elementor-type=\"wp-page\" data-elementor-id=\"852\" class=\"elementor elementor-852\" data-elementor-post-type=\"page\">\n\t\t\t\t\t\t<section class=\"elementor-section elementor-top-section elementor-element elementor-element-771d49e6 elementor-section-boxed elementor-section-height-default elementor-section-height-default\" data-id=\"771d49e6\" data-element_type=\"section\">\n\t\t\t\t\t\t<div class=\"elementor-container elementor-column-gap-default\">\n\t\t\t\t\t<div class=\"elementor-column elementor-col-100 elementor-top-column elementor-element elementor-element-73fb4851\" data-id=\"73fb4851\" data-element_type=\"column\">\n\t\t\t<div class=\"elementor-widget-wrap elementor-element-populated\">\n\t\t\t\t\t\t<div class=\"elementor-element elementor-element-d5847e0 elementor-widget elementor-widget-html\" data-id=\"d5847e0\" data-element_type=\"widget\" data-widget_type=\"html.default\">\n\t\t\t\t<div class=\"elementor-widget-container\">\n\t\t\t\t\t<!DOCTYPE html>\r\n<html>\r\n<head>\r\n    <style>\r\n        body {\r\n            background-color: #121212;\r\n            margin: 0;\r\n            padding: 0;\r\n            font-family: sans-serif;\r\n        }\r\n\r\n        .privacy-policy-container {\r\n            font-family: sans-serif;\r\n            line-height: 1.6;\r\n            color: #fff;\r\n            max-width: 900px;\r\n            margin: 0 auto;\r\n            padding: 20px;\r\n            box-sizing: border-box;\r\n        }\r\n        \r\n        @media (max-width: 600px) {\r\n            .privacy-policy-container {\r\n                padding: 10px;\r\n            }\r\n        }\r\n\r\n        .privacy-policy-container .main-title {\r\n            color: #d29c40; \r\n            font-family: 'Cinzel', serif;\r\n            font-size: 2.2rem;\r\n            font-weight: bold;\r\n            margin-bottom: 30px;\r\n            display: block;\r\n            text-align: center;\r\n            line-height: 1.2;\r\n        }\r\n        .privacy-policy-container h2 {\r\n            font-family: 'Montserrat', sans-serif;\r\n            color: #d29c40;\r\n            margin-top: 40px;\r\n            border-bottom: 2px solid #d29c40;\r\n            padding-bottom: 10px;\r\n            font-size: 1.6rem;\r\n            font-weight: 700;\r\n        }\r\n        .privacy-policy-container h3 {\r\n            font-family: 'Montserrat', sans-serif;\r\n            color: #d29c40;\r\n            margin-top: 25px;\r\n            margin-bottom: 10px;\r\n            font-size: 1.3rem;\r\n            font-weight: 700;\r\n        }\r\n\r\n        .privacy-policy-container p {\r\n            font-size: 1em;\r\n            margin-bottom: 15px;\r\n        }\r\n        .privacy-policy-container strong {\r\n            color: #d29c40;\r\n            font-weight: bold;\r\n        }\r\n        \r\n        .privacy-policy-container ul {\r\n            list-style-type: none;\r\n            padding-left: 0;\r\n            margin-bottom: 20px;\r\n        }\r\n        .privacy-policy-container li {\r\n            margin-bottom: 12px;\r\n            padding-left: 1.5em;\r\n            position: relative;\r\n        }\r\n        .privacy-policy-container li::before {\r\n            content: '\u2666';\r\n            color: #d29c40;\r\n            font-size: 0.8em;\r\n            position: absolute;\r\n            left: 0;\r\n            top: 0;\r\n        }\r\n\r\n        .privacy-policy-container a {\r\n            color: #ffda8e;\r\n            text-decoration: none;\r\n        }\r\n        .privacy-policy-container a:hover {\r\n            text-decoration: underline;\r\n        }\r\n        \/* Style for the email link in the final section to keep it gold *\/\r\n        .privacy-policy-container .contact-email a {\r\n            color: #d29c40;\r\n        }\r\n    <\/style>\r\n<\/head>\r\n<body>\r\n\r\n<div class=\"privacy-policy-container\">\r\n\r\n<div class=\"main-title\">Pol\u00edtica de privacidad y protecci\u00f3n de datos<\/div>\r\n\r\n<p>\r\nEl Titular le informa acerca de su Pol\u00edtica de Privacidad en relaci\u00f3n con el tratamiento y protecci\u00f3n de los datos de car\u00e1cter personal de los usuarios y clientes que puedan ser recabados por la navegaci\u00f3n, adquisici\u00f3n de un producto, o contrataci\u00f3n de un servicio a trav\u00e9s del Sitio Web: <a href=\"https:\/\/goldrefuge.com\">https:\/\/goldrefuge.com<\/a>\r\n<\/p>\r\n<p>\r\nEn este sentido, el Titular garantiza el cumplimiento de la normativa vigente en materia de protecci\u00f3n de datos de car\u00e1cter personal, reflejada en la Ley Org\u00e1nica 3\/2018, de 5 de diciembre, de Protecci\u00f3n de Datos Personales y Garant\u00eda de los Derechos Digitales (LOPD GDD). Asimismo, cumple con el Reglamento (UE) 2016\/679 del Parlamento Europeo y del Consejo, de 27 de abril de 2016, relativo a la protecci\u00f3n de las personas f\u00edsicas (GDPR).\r\n<\/p>\r\n<p>\r\nEl uso del Sitio Web implica la aceptaci\u00f3n de esta Pol\u00edtica de Privacidad, as\u00ed como de las condiciones incluidas en el Aviso Legal.\r\n<\/p>\r\n<h2>Principios aplicados al tratamiento de datos<\/h2>\r\n<p>\r\nEn el tratamiento de sus datos personales, el Propietario aplicar\u00e1 los siguientes principios, que se alinean con los requisitos del nuevo Reglamento General de Protecci\u00f3n de Datos europeo (RGPD):\r\n<\/p>\r\n<ul>\r\n \t<li><strong>Principio de legalidad, equidad y transparencia:<\/strong> El Titular requerir\u00e1 siempre el consentimiento para el tratamiento de los datos personales, que podr\u00e1 ser para uno o varios fines espec\u00edficos, sobre los que el Titular informar\u00e1 previamente al Usuario con absoluta transparencia.<\/li>\r\n \t<li><strong>Principio de minimizaci\u00f3n de datos:<\/strong> El Titular solicitar\u00e1 \u00fanicamente los datos estrictamente necesarios para la finalidad o finalidades para las que se solicitan.<\/li>\r\n \t<li><strong>Principio de limitaci\u00f3n del periodo de almacenamiento:<\/strong> El Propietario conservar\u00e1 los datos personales recogidos durante el tiempo estrictamente necesario para la finalidad o finalidades del tratamiento. El Propietario informar\u00e1 al Usuario del plazo de conservaci\u00f3n correspondiente en funci\u00f3n de la finalidad. En el caso de suscripciones, el Titular revisar\u00e1 peri\u00f3dicamente las listas y eliminar\u00e1 aquellos registros que hayan permanecido inactivos durante un tiempo considerable.<\/li>\r\n \t<li><strong>Principio de integridad y confidencialidad:<\/strong> Los datos personales recogidos ser\u00e1n tratados de forma que se garantice su seguridad, confidencialidad e integridad. El Propietario toma las precauciones necesarias para evitar el acceso no autorizado o el uso indebido de los datos de los usuarios por parte de terceros.<\/li>\r\n<\/ul>\r\n<h2>Obtenci\u00f3n de datos personales<\/h2>\r\n<p>\r\nPara navegar por el Sitio Web no es necesario facilitar ning\u00fan dato personal.\r\n<\/p>\r\n<h2>Derechos<\/h2>\r\n<p>\r\nEl Propietario le informa de que tiene derecho a:\r\n<\/p>\r\n<ul>\r\n \t<li>Solicitar acceso a los datos almacenados.<\/li>\r\n \t<li>Solicitar la rectificaci\u00f3n o supresi\u00f3n.<\/li>\r\n \t<li>Solicitar la limitaci\u00f3n de su tratamiento.<\/li>\r\n \t<li>Oponerse al tratamiento.<\/li>\r\n<\/ul>\r\n<p>\r\nNo puede ejercer el derecho a la portabilidad de los datos.\r\n<\/p>\r\n<p>\r\nEl ejercicio de estos derechos es personal y, por tanto, debe ser ejercitado directamente por el interesado, solicit\u00e1ndolo directamente al Titular. Esto significa que cualquier cliente, suscriptor o colaborador que haya facilitado sus datos en cualquier momento puede dirigirse al Titular y solicitar informaci\u00f3n sobre los datos almacenados y la forma en que se obtuvieron, solicitar la rectificaci\u00f3n de los datos, oponerse al tratamiento, limitar su uso o solicitar la supresi\u00f3n de esos datos de los ficheros del Titular.\r\n<\/p>\r\n<p>\r\nPara ejercer sus derechos, debe enviar su solicitud junto con una fotocopia de su Documento Nacional de Identidad o equivalente a la direcci\u00f3n de correo electr\u00f3nico: <a href=\"mailto:info@goldrefuge.com\">info@goldrefuge.comm<\/a>\r\n<\/p>\r\n<p>\r\nEl ejercicio de estos derechos no incluye los datos que el Propietario est\u00e9 obligado a conservar con fines administrativos, legales o de seguridad.\r\n<\/p>\r\n<p>\r\nUsted tiene derecho a la tutela judicial efectiva y a presentar una reclamaci\u00f3n ante la autoridad de control, en este caso, la Agencia Espa\u00f1ola de Protecci\u00f3n de Datos, si considera que el tratamiento de los datos personales que le conciernen vulnera el Reglamento.\r\n<\/p>\r\n<h2>Finalidad del tratamiento de datos personales<\/h2>\r\n<p>\r\nCuando usted se conecta al Sitio Web para enviar un correo electr\u00f3nico al Propietario, suscribirse a su bolet\u00edn o contratar un producto o servicio, est\u00e1 proporcionando informaci\u00f3n personal de la que es responsable el Propietario. Esta informaci\u00f3n puede incluir datos personales como su direcci\u00f3n IP, nombre y apellidos, direcci\u00f3n f\u00edsica, direcci\u00f3n de correo electr\u00f3nico, n\u00famero de tel\u00e9fono y otra informaci\u00f3n. Al proporcionar esta informaci\u00f3n, usted da su consentimiento para que su informaci\u00f3n sea recopilada, utilizada, gestionada y almacenada por - SERED - tal y como se describe en las p\u00e1ginas:\r\n<\/p>\r\n<ul>\r\n \t<li>Aviso Legal<\/li>\r\n \t<li>Pol\u00edtica de Privacidad<\/li>\r\n<\/ul>\r\n<p>\r\nLos datos personales y la finalidad del tratamiento por parte del Propietario var\u00edan en funci\u00f3n del sistema de recogida de informaci\u00f3n:\r\n<\/p>\r\n<ul>\r\n \t<li><strong>Formularios de contratos de productos o servicios:<\/strong> El Titular solicita datos de car\u00e1cter personal, incluyendo: nombre y apellidos, documento de identidad (NIF, NIE, pasaporte o permiso de residencia), direcci\u00f3n de correo electr\u00f3nico, direcci\u00f3n postal, n\u00famero de tel\u00e9fono y datos de pago (medios de pago o datos bancarios) para mantener una relaci\u00f3n comercial con el Usuario, tramitar pedidos, prestar los servicios contratados y para la facturaci\u00f3n y cobro de los productos o servicios contratados.<\/li>\r\n<\/ul>\r\n<p>\r\nOtros fines para los que el Propietario trata datos personales:\r\n<\/p>\r\n<ul>\r\n \t<li>Garantizar el cumplimiento de las condiciones establecidas en la p\u00e1gina de Aviso Legal y la legislaci\u00f3n aplicable. Esto puede incluir el desarrollo de herramientas y algoritmos que ayuden al Sitio Web a garantizar la confidencialidad de los datos personales que recopila.<\/li>\r\n \t<li>Para apoyar y mejorar los servicios ofrecidos por este sitio web.<\/li>\r\n \t<li>Analizar la navegaci\u00f3n de los usuarios. El Titular recoge otros datos no identificativos obtenidos mediante el uso de cookies que se descargan en el ordenador del Usuario al navegar por el Sitio Web, cuyas caracter\u00edsticas, y finalidades se detallan en la p\u00e1gina de Pol\u00edtica de Cookies.<\/li>\r\n \t<li>Gestionar las redes sociales. El Titular tiene presencia en redes sociales. Si usted se hace seguidor en las redes sociales del Titular, el tratamiento de los datos de car\u00e1cter personal se regir\u00e1 por este apartado, as\u00ed como por las condiciones de uso, pol\u00edticas de privacidad y normativas de acceso pertenecientes a la red social correspondiente que usted haya aceptado previamente. Puede consultar las pol\u00edticas de privacidad de las principales redes sociales a trav\u00e9s de estos enlaces: Facebook, Twitter, LinkedIn, YouTube, Instagram.<\/li>\r\n<\/ul>\r\n<p>\r\nEl Titular tratar\u00e1 sus datos personales con las finalidades de administrar correctamente su presencia en la red social, inform\u00e1ndole de sus actividades, productos o servicios, as\u00ed como para cualquier otra finalidad que las normativas de las redes sociales permitan.\r\n<\/p>\r\n<p>\r\nEn ning\u00fan caso el Propietario utilizar\u00e1 perfiles de seguidores en redes sociales para enviar publicidad individual.\r\n<\/p>\r\n<h2>Seguridad de los datos personales<\/h2>\r\n<p>\r\nPara proteger sus datos personales, el Propietario toma todas las precauciones razonables y sigue las mejores pr\u00e1cticas del sector para evitar su p\u00e9rdida, uso indebido, acceso no autorizado, divulgaci\u00f3n, alteraci\u00f3n o destrucci\u00f3n.\r\n<\/p>\r\n<p>\r\nEl sitio web est\u00e1 alojado en SERED. La seguridad de los datos est\u00e1 garantizada ya que toman todas las medidas de seguridad necesarias. Puede consultar su pol\u00edtica de privacidad para m\u00e1s informaci\u00f3n.\r\n<\/p>\r\n<p>\r\nEl Titular informa al Usuario de que sus datos personales no ser\u00e1n cedidos a terceras organizaciones, con la salvedad de que dicha cesi\u00f3n de datos este amparada en una obligaci\u00f3n legal o cuando la prestaci\u00f3n de un servicio implique la necesidad de una relaci\u00f3n contractual con un encargado de tratamiento. En este \u00faltimo caso, solo se llevar\u00e1 a cabo la cesi\u00f3n de datos al tercero cuando el Titular disponga del consentimiento expreso del Usuario.\r\n<\/p>\r\n<p>\r\nNo obstante, en algunos casos, se podr\u00e1n realizar colaboraciones con otros profesionales; en estos casos, se solicitar\u00e1 el consentimiento del Usuario, inform\u00e1ndole sobre la identidad del colaborador y la finalidad de la colaboraci\u00f3n. Siempre se har\u00e1 con los m\u00e1s estrictos est\u00e1ndares de seguridad.\r\n<\/p>\r\n<h2>Contenido de otros sitios web<\/h2>\r\n<p>\r\nLas p\u00e1ginas de este sitio web pueden incluir contenido incrustado (por ejemplo, v\u00eddeos, im\u00e1genes, art\u00edculos, etc.). El contenido incrustado de otros sitios web se comporta de la misma manera que si usted hubiera visitado el otro sitio web.\r\n<\/p>\r\n<p>\r\nEstos sitios web pueden recopilar datos sobre usted, utilizar cookies, incrustar seguimiento adicional de terceros y supervisar su interacci\u00f3n utilizando este contenido incrustado.\r\n<\/p>\r\n<h2>Pol\u00edtica de Cookies<\/h2>\r\n<p>\r\nPara que este sitio web funcione correctamente, necesita utilizar cookies, que son informaci\u00f3n almacenada en su navegador web.\r\n<\/p>\r\n<p>\r\nPuede consultar toda la informaci\u00f3n relativa a la recogida y tratamiento de cookies en la p\u00e1gina <a href=\"\/cookie-policy\">P\u00e1gina de pol\u00edtica de cookies<\/a>.\r\n<\/p>\r\n<h2>Legitimaci\u00f3n para el tratamiento de datos<\/h2>\r\n<p>\r\nLa base jur\u00eddica para el tratamiento de sus datos es\r\n<\/p>\r\n<ul>\r\n \t<li>El consentimiento del interesado.<\/li>\r\n \t<li>La ejecuci\u00f3n de un contrato o la aplicaci\u00f3n de medidas precontractuales con el interesado para suministrar un producto o servicio adquirido al Propietario.<\/li>\r\n \t<li>Cumplimiento de las obligaciones legales.<\/li>\r\n<\/ul>\r\n<h2>Categor\u00edas de datos personales<\/h2>\r\n<p>\r\nLas categor\u00edas de datos personales tratados por el Propietario son:\r\n<\/p>\r\n<ul>\r\n \t<li>Datos de identificaci\u00f3n.<\/li>\r\n<\/ul>\r\n<h2>Conservaci\u00f3n de datos personales<\/h2>\r\n<p>\r\nLos datos personales facilitados al Propietario se conservar\u00e1n hasta que usted solicite su supresi\u00f3n.\r\n<\/p>\r\n<h2>Destinatarios de los datos personales<\/h2>\r\n<p>\r\nGoogle Analytics es un servicio anal\u00edtico de web prestado por Google, Inc. una compa\u00f1\u00eda de Delaware con domicilio social en 1600 Amphitheatre Parkway, Mountain View (California), CA 94043, Estados Unidos (\u201cGoogle\u201d).\r\n<\/p>\r\n<p>\r\nGoogle Analytics utiliza \u201ccookies\u201d, que son archivos de texto ubicados en su ordenador, para ayudar al Sitio Web a analizar el uso que hacen los usuarios del mismo. La informaci\u00f3n que genera la cookie acerca de su uso del Sitio Web (incluyendo su direcci\u00f3n IP) ser\u00e1 directamente transmitida y archivada por Google en los servidores de Estados Unidos.\r\n<\/p>\r\n<p>\r\nM\u00e1s informaci\u00f3n en: <a href=\"https:\/\/analytics.google.com\" target=\"_blank\" rel=\"noopener\">https:\/\/analytics.google.com<\/a>\r\n<\/p>\r\n<p>\r\nPuede consultar c\u00f3mo gestiona Google la privacidad en relaci\u00f3n con el uso de cookies y otra informaci\u00f3n en la p\u00e1gina de Pol\u00edtica de privacidad de Google: <a href=\"https:\/\/policies.google.com\/privacy?hl=en\" target=\"_blank\" rel=\"noopener\">https:\/\/policies.google.com\/privacy?hl=en<\/a>\r\n<\/p>\r\n<p>\r\nTambi\u00e9n puede consultar una lista de los tipos de cookies que utilizan Google y sus socios, as\u00ed como toda la informaci\u00f3n relacionada con el uso que hacen de las cookies publicitarias, en:\r\n<\/p>\r\n<ul>\r\n \t<li>Tipos de cookies utilizadas por Google<\/li>\r\n \t<li>C\u00f3mo utiliza Google las cookies en la publicidad.<\/li>\r\n<\/ul>\r\n<h2>Navegaci\u00f3n por Internet<\/h2>\r\n<p>\r\nAl navegar por el sitio web, pueden recopilarse datos no identificables, que pueden incluir la direcci\u00f3n IP, la geolocalizaci\u00f3n, un registro de c\u00f3mo se utilizan los servicios y sitios, los h\u00e1bitos de navegaci\u00f3n y otros datos que no pueden utilizarse para identificarle.\r\n<\/p>\r\n<p>\r\nEl sitio web utiliza los siguientes servicios anal\u00edticos de terceros:\r\n<\/p>\r\n<ul>\r\n \t<li>Google Analytics.<\/li>\r\n<\/ul>\r\n<p>\r\nEl Propietario utiliza la informaci\u00f3n obtenida para obtener datos estad\u00edsticos, analizar tendencias, gestionar el sitio, estudiar patrones de navegaci\u00f3n y recopilar informaci\u00f3n demogr\u00e1fica.\r\n<\/p>\r\n<p>\r\nEl Propietario no se responsabiliza del tratamiento de datos personales realizado por los sitios web a los que se accede a trav\u00e9s de los distintos enlaces que contiene el Sitio Web.\r\n<\/p>\r\n<h2>Exactitud y veracidad de los datos personales<\/h2>\r\n<p>\r\nUsted se compromete a que los datos facilitados al Propietario sean correctos, completos, exactos y actuales, as\u00ed como a mantenerlos debidamente actualizados.\r\n<\/p>\r\n<p>\r\nComo Usuario del Sitio Web, usted es el \u00fanico responsable de la veracidad y correcci\u00f3n de los datos que remita al Sitio Web, exonerando al Propietario de cualquier responsabilidad al respecto.\r\n<\/p>\r\n<h2>Aceptaci\u00f3n y consentimiento<\/h2>\r\n<p>\r\nComo Usuario del Sitio Web, declara haber sido informado de las condiciones sobre protecci\u00f3n de datos de car\u00e1cter personal. Acepta y consiente el tratamiento de sus datos personales por el Propietario en la forma y para los fines indicados en la presente Pol\u00edtica de Privacidad.\r\n<\/p>\r\n<p>\r\nPara ponerse en contacto con el Propietario, suscribirse a un bolet\u00edn o hacer comentarios en este sitio web, debe aceptar esta Pol\u00edtica de privacidad.\r\n<\/p>\r\n<h2>Cambios en la pol\u00edtica de privacidad<\/h2>\r\n<p>\r\nEl Titular se reserva el derecho a modificar la presente Pol\u00edtica de Privacidad para adaptarla a novedades legislativas o jurisprudenciales, as\u00ed como a pr\u00e1cticas de la industria.\r\n<\/p>\r\n<p>\r\nEstas pol\u00edticas permanecer\u00e1n en vigor hasta que sean modificadas por otras debidamente publicadas.\r\n<\/p>\r\n<p class=\"contact-email\">\r\n<strong>Responsable de Datos Personales:<\/strong> IDEAL PRODUCTS EXPRESS, S.L. NIF B-55261952, con domicilio en CALLE BORRASS\u00c1, 20 17469-VILAMALLA (Girona), en adelante EL ADMINISTRADOR DEL SITIO, cuyo correo electr\u00f3nico de contacto es <a href=\"mailto:info@goldrefuge.com\">info@goldrefuge.com<\/a>.\r\n<\/p>\r\n\r\n<\/div>\r\n\r\n<\/body>\r\n<\/html>\r\n\t\t\t\t<\/div>\n\t\t\t\t<\/div>\n\t\t\t\t\t<\/div>\n\t\t<\/div>\n\t\t\t\t\t<\/div>\n\t\t<\/section>\n\t\t\t\t<\/div>","protected":false},"excerpt":{"rendered":"<p>&nbsp; Privacy Policy and Data Protection The Owner informs you about its Privacy Policy regarding the processing and protection of personal data of users and customers that may be collected while browsing, purchasing a product, or contracting a service through the Website: https:\/\/goldrefuge.com In this regard, the Owner guarantees compliance with the current regulations on [&hellip;]<\/p>","protected":false},"author":2,"featured_media":0,"parent":0,"menu_order":0,"comment_status":"closed","ping_status":"closed","template":"","meta":{"footnotes":""},"class_list":["post-852","page","type-page","status-publish","hentry"],"_links":{"self":[{"href":"https:\/\/goldrefuge.com\/es\/wp-json\/wp\/v2\/pages\/852","targetHints":{"allow":["GET"]}}],"collection":[{"href":"https:\/\/goldrefuge.com\/es\/wp-json\/wp\/v2\/pages"}],"about":[{"href":"https:\/\/goldrefuge.com\/es\/wp-json\/wp\/v2\/types\/page"}],"author":[{"embeddable":true,"href":"https:\/\/goldrefuge.com\/es\/wp-json\/wp\/v2\/users\/2"}],"replies":[{"embeddable":true,"href":"https:\/\/goldrefuge.com\/es\/wp-json\/wp\/v2\/comments?post=852"}],"version-history":[{"count":35,"href":"https:\/\/goldrefuge.com\/es\/wp-json\/wp\/v2\/pages\/852\/revisions"}],"predecessor-version":[{"id":1688,"href":"https:\/\/goldrefuge.com\/es\/wp-json\/wp\/v2\/pages\/852\/revisions\/1688"}],"wp:attachment":[{"href":"https:\/\/goldrefuge.com\/es\/wp-json\/wp\/v2\/media?parent=852"}],"curies":[{"name":"wp","href":"https:\/\/api.w.org\/{rel}","templated":true}]}}