{"id":858,"date":"2025-09-17T21:46:47","date_gmt":"2025-09-17T21:46:47","guid":{"rendered":"https:\/\/goldrefuge.com\/?page_id=858"},"modified":"2025-10-27T20:34:14","modified_gmt":"2025-10-27T18:34:14","slug":"aviso-legal","status":"publish","type":"page","link":"https:\/\/goldrefuge.com\/es\/aviso-legal\/","title":{"rendered":"Aviso Legal"},"content":{"rendered":"<div data-elementor-type=\"wp-page\" data-elementor-id=\"858\" class=\"elementor elementor-858\" data-elementor-post-type=\"page\">\n\t\t\t\t\t\t<section class=\"elementor-section elementor-top-section elementor-element elementor-element-16489c31 elementor-section-boxed elementor-section-height-default elementor-section-height-default\" data-id=\"16489c31\" data-element_type=\"section\">\n\t\t\t\t\t\t<div class=\"elementor-container elementor-column-gap-default\">\n\t\t\t\t\t<div class=\"elementor-column elementor-col-100 elementor-top-column elementor-element elementor-element-74ab30c9\" data-id=\"74ab30c9\" data-element_type=\"column\">\n\t\t\t<div class=\"elementor-widget-wrap elementor-element-populated\">\n\t\t\t\t\t\t<div class=\"elementor-element elementor-element-0fd557e elementor-widget elementor-widget-html\" data-id=\"0fd557e\" data-element_type=\"widget\" data-widget_type=\"html.default\">\n\t\t\t\t<div class=\"elementor-widget-container\">\n\t\t\t\t\t<!DOCTYPE html>\r\n<html>\r\n<head>\r\n    <style>\r\n        body {\r\n            background-color: #121212;\r\n            margin: 0;\r\n            padding: 0;\r\n            font-family: sans-serif;\r\n        }\r\n\r\n        .terms-of-use-container {\r\n            font-family: sans-serif;\r\n            line-height: 1.6;\r\n            color: #fff;\r\n            max-width: 900px;\r\n            margin: 0 auto;\r\n            padding: 20px;\r\n            box-sizing: border-box;\r\n        }\r\n        \r\n        @media (max-width: 600px) {\r\n            .terms-of-use-container {\r\n                padding: 10px;\r\n            }\r\n        }\r\n\r\n        .terms-of-use-container .main-title {\r\n            color: #d29c40; \r\n            font-family: 'Cinzel', serif;\r\n            font-size: 2.2rem;\r\n            font-weight: bold;\r\n            margin-bottom: 30px;\r\n            display: block;\r\n            text-align: center;\r\n            line-height: 1.2;\r\n        }\r\n        .terms-of-use-container h2 {\r\n            font-family: 'Montserrat', sans-serif;\r\n            color: #d29c40;\r\n            margin-top: 40px;\r\n            border-bottom: 2px solid #d29c40;\r\n            padding-bottom: 10px;\r\n            font-size: 1.6rem;\r\n            font-weight: 700;\r\n        }\r\n        .terms-of-use-container h3 {\r\n            font-family: 'Montserrat', sans-serif;\r\n            color: #d29c40;\r\n            margin-top: 25px;\r\n            margin-bottom: 10px;\r\n            font-size: 1.3rem;\r\n            font-weight: 700;\r\n        }\r\n\r\n        .terms-of-use-container p {\r\n            font-size: 1em;\r\n            margin-bottom: 15px;\r\n        }\r\n        .terms-of-use-container strong {\r\n            color: #d29c40;\r\n            font-weight: bold;\r\n        }\r\n        \r\n        .terms-of-use-container ul {\r\n            list-style-type: none;\r\n            padding-left: 0;\r\n            margin-bottom: 20px;\r\n        }\r\n        .terms-of-use-container li {\r\n            margin-bottom: 12px;\r\n            padding-left: 1.5em;\r\n            position: relative;\r\n        }\r\n        .terms-of-use-container li::before {\r\n            content: '\u2666';\r\n            color: #d29c40;\r\n            font-size: 0.8em;\r\n            position: absolute;\r\n            left: 0;\r\n            top: 0;\r\n        }\r\n\r\n        .terms-of-use-container ul.identification-list {\r\n            background-color: #0b0b0b;\r\n            padding: 20px;\r\n            border-radius: 8px;\r\n            margin-top: 20px;\r\n        }\r\n        .terms-of-use-container ul.identification-list li {\r\n            padding-left: 0;\r\n            color: #ffffff; \r\n            margin-bottom: 10px;\r\n        }\r\n        .terms-of-use-container ul.identification-list li::before {\r\n            content: none;\r\n        }\r\n        \r\n        .terms-of-use-container a {\r\n            color: #ffda8e;\r\n            text-decoration: none;\r\n        }\r\n        .terms-of-use-container a:hover {\r\n            text-decoration: underline;\r\n        }\r\n        \r\n        .terms-of-use-container ul.identification-list a, \r\n        .terms-of-use-container .contact-link {\r\n            color: #d29c40; \r\n        }\r\n    <\/style>\r\n<\/head>\r\n<body>\r\n\r\n<div class=\"terms-of-use-container\">\r\n\r\n<div class=\"main-title\">Aviso legal y condiciones generales<\/div>\r\n\r\n<p>\r\nLa utilizaci\u00f3n del Sitio Web le atribuye la condici\u00f3n de Usuario e implica la aceptaci\u00f3n plena de todas las cl\u00e1usulas y condiciones de uso incluidas en las siguientes p\u00e1ginas:\r\n<\/p>\r\n<ul>\r\n \t<li><a href=\"\/legal-notice\">Aviso Legal<\/a><\/li>\r\n \t<li><a href=\"\/privacy-policy\">Pol\u00edtica de Privacidad<\/a><\/li>\r\n \t<li><a href=\"\/cookie-policy\">Pol\u00edtica de Cookies<\/a><\/li>\r\n<\/ul>\r\n<p>\r\nSi no est\u00e1 de acuerdo con todas y cada una de estas cl\u00e1usulas y condiciones, le rogamos que se abstenga de utilizar el Sitio Web.\r\n<\/p>\r\n<p>\r\nEl acceso al Sitio Web no supone, en modo alguno, el inicio de una relaci\u00f3n comercial con el Propietario.\r\n<\/p>\r\n<p>\r\nA trav\u00e9s del Sitio Web, el Titular facilita el acceso y la utilizaci\u00f3n de diversos contenidos que el Titular y\/o sus colaboradores han publicado a trav\u00e9s de Internet.\r\n<\/p>\r\n<p>\r\nA tal efecto, usted se obliga y compromete a NO utilizar cualquiera de los contenidos del Sitio Web con fines o efectos il\u00edcitos, prohibidos en el presente Aviso Legal o por la legislaci\u00f3n aplicable, lesivos de los derechos e intereses de terceros, o que de cualquier forma puedan da\u00f1ar, inutilizar, sobrecargar, deteriorar o impedir la normal utilizaci\u00f3n de los contenidos, los equipos inform\u00e1ticos o los documentos, archivos y toda clase de contenidos almacenados en cualquier equipo inform\u00e1tico propios o contratados por el Titular, de otros usuarios o de cualquier usuario de Internet.\r\n<\/p>\r\n<h2>Medidas de seguridad<\/h2>\r\n<p>\r\nLos datos personales que usted facilite al Titular podr\u00e1n ser almacenados en bases de datos automatizadas o no, cuya titularidad corresponde en exclusiva al Titular, asumiendo \u00e9ste todas las medidas de \u00edndole t\u00e9cnica, organizativa y de seguridad que garantizan la confidencialidad, integridad y calidad de la informaci\u00f3n contenida en las mismas de acuerdo con lo establecido en la normativa vigente en protecci\u00f3n de datos.\r\n<\/p>\r\n<p>\r\nNo obstante, debes ser consciente de que las medidas de seguridad de los sistemas inform\u00e1ticos en Internet no son enteramente fiables y que, por tanto, el Titular no puede garantizar la inexistencia de virus u otros elementos que puedan producir alteraciones en los sistemas inform\u00e1ticos (software y hardware) del Usuario o en sus documentos electr\u00f3nicos y ficheros, aunque el Titular emplee todos los medios necesarios y adopte las medidas de seguridad adecuadas para evitar la presencia de estos elementos da\u00f1inos.\r\n<\/p>\r\n<h2>Tratamiento de datos personales<\/h2>\r\n<p>\r\nPuede consultar toda la informaci\u00f3n relativa al tratamiento de los datos personales recogidos por el Propietario en la p\u00e1gina web <a href=\"\/privacy-policy\">Pol\u00edtica de privacidad<\/a>.\r\n<\/p>\r\n<h2>Contenido<\/h2>\r\n<p>\r\nEl Propietario ha obtenido la informaci\u00f3n, los contenidos multimedia y los materiales incluidos en el Sitio Web de fuentes consideradas como fiables. No obstante, si bien el Propietario ha tomado todas las medidas razonables para asegurarse de que la informaci\u00f3n contenida sea correcta, no garantiza que sea exacta, completa, o actualizada. El Propietario declina expresamente cualquier responsabilidad por error u omisi\u00f3n en la Informaci\u00f3n contenida en las p\u00e1ginas del Sitio Web.\r\n<\/p>\r\n<p>\r\nQueda terminantemente prohibida la transmisi\u00f3n o env\u00edo a trav\u00e9s del Sitio Web de cualquier contenido ilegal o il\u00edcito, virus inform\u00e1ticos, o mensajes que, en general, afecten o violen derechos del Titular o de terceros.\r\n<\/p>\r\n<p>\r\nEl contenido del sitio web tiene \u00fanicamente fines informativos y no debe utilizarse ni considerarse como una oferta de venta, una solicitud de oferta de compra o una recomendaci\u00f3n para realizar cualquier otra operaci\u00f3n, a menos que se indique expl\u00edcitamente.\r\n<\/p>\r\n<p>\r\nEl Propietario se reserva el derecho a modificar, suspender, cancelar o restringir el contenido de la Web, los v\u00ednculos o la informaci\u00f3n obtenida a trav\u00e9s de ella, sin necesidad de previo aviso.\r\n<\/p>\r\n<p>\r\nEl Propietario no se hace responsable de ning\u00fan da\u00f1o que pueda derivarse del uso de la informaci\u00f3n del Sitio Web o del contenido de las cuentas de redes sociales del Propietario.\r\n<\/p>\r\n<h2>Pol\u00edtica de Cookies<\/h2>\r\n<p>\r\nPuede consultar toda la informaci\u00f3n relativa a la recogida y tratamiento de cookies en la p\u00e1gina web de <a href=\"\/cookie-policy\">P\u00e1gina de pol\u00edtica de cookies<\/a>.\r\n<\/p>\r\n<h2>Enlaces a otros sitios web<\/h2>\r\n<p>\r\nEl Titular podr\u00e1 facilitarle el acceso a p\u00e1ginas web de terceros mediante enlaces con la finalidad exclusiva de informarle sobre la existencia de otras fuentes de informaci\u00f3n en Internet donde podr\u00e1 ampliar los datos ofrecidos en el Sitio Web.\r\n<\/p>\r\n<p>\r\nEstos enlaces a otros sitios web no suponen una sugerencia o recomendaci\u00f3n para que visite las p\u00e1ginas de destino, que est\u00e1n fuera del control del Propietario. Por ello, el Propietario no es responsable del contenido de las p\u00e1ginas web enlazadas ni del resultado obtenido a trav\u00e9s de dichos enlaces. Asimismo, el Propietario no es responsable de los enlaces ubicados en las p\u00e1ginas web enlazadas que le proporcionen acceso.\r\n<\/p>\r\n<p>\r\nEl establecimiento del enlace no implica en ning\u00fan caso la existencia de relaciones entre el Titular y el propietario del sitio en el que se establezca el enlace, ni la aceptaci\u00f3n o aprobaci\u00f3n por parte del Titular de sus contenidos o servicios.\r\n<\/p>\r\n<p>\r\nSi accede a un sitio web externo desde un enlace que se encuentra en el sitio web, debe leer la pol\u00edtica de privacidad de ese otro sitio web, que puede diferir de la pol\u00edtica de este sitio web.\r\n<\/p>\r\n<h2>Propiedad intelectual e industrial<\/h2>\r\n<p>\r\nTodos los derechos reservados.\r\n<\/p>\r\n<p>\r\nEl acceso a este Sitio Web est\u00e1 sujeto a las siguientes condiciones: la reproducci\u00f3n, el almacenamiento permanente y la difusi\u00f3n de los contenidos o cualquier otro uso con fines p\u00fablicos o comerciales quedan expresamente prohibidos sin el previo consentimiento expreso y por escrito del Propietario.\r\n<\/p>\r\n<h2>Limitaci\u00f3n de responsabilidad<\/h2>\r\n<p>\r\nLa informaci\u00f3n y servicios incluidos o disponibles a trav\u00e9s del Sitio Web pueden contener inexactitudes o errores tipogr\u00e1ficos. Peri\u00f3dicamente, el Titular incorpora mejoras y\/o cambios en la informaci\u00f3n y\/o Servicios, que pueden ser introducidos en cualquier momento.\r\n<\/p>\r\n<p>\r\nEl Propietario no declara ni garantiza que los servicios o contenidos sean ininterrumpidos o que est\u00e9n libres de errores, que los defectos sean corregidos, o que el servicio o el servidor que lo pone a disposici\u00f3n est\u00e9n libres de virus u otros componentes nocivos, a pesar de los esfuerzos del Propietario para evitar tales incidentes.\r\n<\/p>\r\n<p>\r\nEl Titular declina cualquier responsabilidad en caso de que existan interrupciones o un mal funcionamiento de los Servicios o contenidos ofrecidos en Internet, cualquiera que sea su causa. Asimismo, el Propietario no se hace responsable por ca\u00eddas de la red, p\u00e9rdidas de negocio a consecuencia de dichas ca\u00eddas, suspensiones temporales del fluido el\u00e9ctrico o cualquier otro tipo de da\u00f1o indirecto que le pueda ser causado por causas ajenas al Propietario.\r\n<\/p>\r\n<p>\r\nAntes de tomar decisiones y\/o emprender acciones basadas en la informaci\u00f3n incluida en el Sitio Web, el Propietario recomienda verificar y contrastar la informaci\u00f3n recibida con otras fuentes.\r\n<\/p>\r\n<h2>Identificaci\u00f3n y propiedad<\/h2>\r\n<p>\r\nEn cumplimiento del art\u00edculo 10 de la Ley 34\/2002, de 11 de julio, de Servicios de la Sociedad de la Informaci\u00f3n y Comercio Electr\u00f3nico, el Titular hace p\u00fablicos los siguientes datos identificativos:\r\n<\/p>\r\n<ul class=\"identification-list\">\r\n \t<li><strong>Propietario<\/strong>: IDEAL PRODUCTS EXPRESS, S.L.<\/li>\r\n \t<li><strong>N\u00famero de identificaci\u00f3n fiscal (NIF)<\/strong>: NIF B-55261952<\/li>\r\n \t<li><strong>Direcci\u00f3n<\/strong>: CALLE BORRASS\u00c1, 20 17469-VILAMALLA, Girona - Espa\u00f1a<\/li>\r\n \t<li><strong>Correo electr\u00f3nico<\/strong>: <a href=\"mailto:info@goldrefuge.com\" rel=\"noopener\">info@goldrefuge.com<\/a><\/li>\r\n \t<li><strong>P\u00e1gina web:<\/strong> <a href=\"https:\/\/goldrefuge.com\/\">https:\/\/goldrefuge.com<\/a><\/li>\r\n<\/ul>\r\n<h2>Derecho de exclusi\u00f3n<\/h2>\r\n<p>\r\nEl Titular se reserva el derecho a denegar o retirar el acceso al Portal y los servicios ofrecidos sin necesidad de preaviso, a instancia propia o de un tercero, a aquellos usuarios que incumplan cualquiera de las condiciones del presente Aviso Legal.\r\n<\/p>\r\n<h2>Jurisdicci\u00f3n<\/h2>\r\n<p>\r\nEl presente Aviso Legal se rige \u00edntegramente por la legislaci\u00f3n espa\u00f1ola.\r\n<\/p>\r\n<p>\r\nSalvo que la ley disponga otra cosa, para cuantas cuestiones se susciten sobre la interpretaci\u00f3n, aplicaci\u00f3n y cumplimiento de este Aviso Legal, as\u00ed como de las reclamaciones que puedan derivarse de su uso, las partes acuerdan someterse a los Jueces y Tribunales de la provincia de Girona, con renuncia expresa a cualquier otro fuero que pudiera corresponderles.\r\n<\/p>\r\n<h2>P\u00f3ngase en contacto con<\/h2>\r\n<p>\r\nSi tiene alguna pregunta sobre este Aviso Legal o desea hacer alg\u00fan comentario sobre el Sitio Web, puede enviar un correo electr\u00f3nico a: <a class=\"contact-link\" href=\"mailto:info@goldrefuge.com\">info@goldrefuge.com<\/a>\r\n<\/p>\r\n\r\n<\/div>\r\n\r\n<\/body>\r\n<\/html>\r\n\t\t\t\t<\/div>\n\t\t\t\t<\/div>\n\t\t\t\t\t<\/div>\n\t\t<\/div>\n\t\t\t\t\t<\/div>\n\t\t<\/section>\n\t\t\t\t<\/div>","protected":false},"excerpt":{"rendered":"<p>&nbsp; Legal Notice and General Conditions The use of the Website grants you the status of User and implies full acceptance of all the clauses and conditions of use included in the following pages: Legal Notice Privacy Policy Cookie Policy If you do not agree with each and every one of these clauses and conditions, [&hellip;]<\/p>","protected":false},"author":2,"featured_media":0,"parent":0,"menu_order":0,"comment_status":"closed","ping_status":"closed","template":"","meta":{"footnotes":""},"class_list":["post-858","page","type-page","status-publish","hentry"],"_links":{"self":[{"href":"https:\/\/goldrefuge.com\/es\/wp-json\/wp\/v2\/pages\/858","targetHints":{"allow":["GET"]}}],"collection":[{"href":"https:\/\/goldrefuge.com\/es\/wp-json\/wp\/v2\/pages"}],"about":[{"href":"https:\/\/goldrefuge.com\/es\/wp-json\/wp\/v2\/types\/page"}],"author":[{"embeddable":true,"href":"https:\/\/goldrefuge.com\/es\/wp-json\/wp\/v2\/users\/2"}],"replies":[{"embeddable":true,"href":"https:\/\/goldrefuge.com\/es\/wp-json\/wp\/v2\/comments?post=858"}],"version-history":[{"count":24,"href":"https:\/\/goldrefuge.com\/es\/wp-json\/wp\/v2\/pages\/858\/revisions"}],"predecessor-version":[{"id":1687,"href":"https:\/\/goldrefuge.com\/es\/wp-json\/wp\/v2\/pages\/858\/revisions\/1687"}],"wp:attachment":[{"href":"https:\/\/goldrefuge.com\/es\/wp-json\/wp\/v2\/media?parent=858"}],"curies":[{"name":"wp","href":"https:\/\/api.w.org\/{rel}","templated":true}]}}