{"id":952,"date":"2025-09-22T20:37:49","date_gmt":"2025-09-22T20:37:49","guid":{"rendered":"https:\/\/goldrefuge.com\/?page_id=952"},"modified":"2025-11-19T18:36:06","modified_gmt":"2025-11-19T16:36:06","slug":"terminos-servicio","status":"publish","type":"page","link":"https:\/\/goldrefuge.com\/es\/terminos-servicio\/","title":{"rendered":"T\u00e9rminos de Servicio"},"content":{"rendered":"<div data-elementor-type=\"wp-page\" data-elementor-id=\"952\" class=\"elementor elementor-952\" data-elementor-post-type=\"page\">\n\t\t\t\t\t\t<section class=\"elementor-section elementor-top-section elementor-element elementor-element-c08b92a elementor-section-boxed elementor-section-height-default elementor-section-height-default\" data-id=\"c08b92a\" data-element_type=\"section\">\n\t\t\t\t\t\t<div class=\"elementor-container elementor-column-gap-default\">\n\t\t\t\t\t<div class=\"elementor-column elementor-col-100 elementor-top-column elementor-element elementor-element-85f007e\" data-id=\"85f007e\" data-element_type=\"column\">\n\t\t\t<div class=\"elementor-widget-wrap elementor-element-populated\">\n\t\t\t\t\t\t<div class=\"elementor-element elementor-element-eb35d86 elementor-widget elementor-widget-html\" data-id=\"eb35d86\" data-element_type=\"widget\" data-widget_type=\"html.default\">\n\t\t\t\t<div class=\"elementor-widget-container\">\n\t\t\t\t\t<!DOCTYPE html>\r\n<html>\r\n<head>\r\n    <style>\r\n        body {\r\n            background-color: #121212; \/* Dark background *\/\r\n            margin: 0;\r\n            padding: 0;\r\n            font-family: sans-serif; \/* Fallback to generic sans-serif *\/\r\n        }\r\n\r\n        .terms-of-use-container {\r\n            font-family: sans-serif;\r\n            line-height: 1.6;\r\n            color: #fff; \/* Main text color in white *\/\r\n            max-width: 900px;\r\n            margin: 0 auto;\r\n            padding: 20px;\r\n            box-sizing: border-box;\r\n        }\r\n        \r\n        @media (max-width: 600px) {\r\n            .terms-of-use-container {\r\n                padding: 10px;\r\n            }\r\n        }\r\n\r\n        .terms-of-use-container .main-title {\r\n            color: #d29c40; \r\n            font-family: 'Cinzel', serif; \/* Assuming Cinzel is available *\/\r\n            font-size: 2.2rem;\r\n            font-weight: bold;\r\n            margin-bottom: 30px;\r\n            display: block;\r\n            text-align: center;\r\n            line-height: 1.2;\r\n        }\r\n        .terms-of-use-container h2 {\r\n            font-family: 'Montserrat', sans-serif; \/* Assuming Montserrat is available *\/\r\n            color: #d29c40;\r\n            margin-top: 40px;\r\n            border-bottom: 2px solid #d29c40;\r\n            padding-bottom: 10px;\r\n            font-size: 1.6rem;\r\n            font-weight: 700;\r\n        }\r\n        .terms-of-use-container h3 {\r\n            font-family: 'Montserrat', sans-serif; \/* Assuming Montserrat is available *\/\r\n            color: #d29c40;\r\n            margin-top: 25px;\r\n            margin-bottom: 10px;\r\n            font-size: 1.3rem;\r\n            font-weight: 700;\r\n        }\r\n        .terms-of-use-container p {\r\n            font-size: 1em;\r\n            margin-bottom: 15px;\r\n        }\r\n        .terms-of-use-container ul {\r\n            list-style-type: none;\r\n            padding-left: 0;\r\n            margin-bottom: 20px;\r\n        }\r\n        .terms-of-use-container li {\r\n            margin-bottom: 12px;\r\n            padding-left: 1.5em;\r\n            position: relative;\r\n        }\r\n        .terms-of-use-container li::before {\r\n            content: '\u2666';\r\n            color: #d29c40;\r\n            font-size: 0.8em;\r\n            position: absolute;\r\n            left: 0;\r\n            top: 0;\r\n        }\r\n\r\n        .terms-of-use-container a {\r\n            color: #ffda8e;\r\n            text-decoration: none;\r\n        }\r\n        .terms-of-use-container a:hover {\r\n            text-decoration: underline;\r\n        }\r\n        .terms-of-use-container strong {\r\n            color: #d29c40;\r\n            font-weight: bold;\r\n        }\r\n        .terms-of-use-container .fee-amount {\r\n            color: #ffda8e;\r\n            font-weight: bold;\r\n            font-size: 1.1em;\r\n        }\r\n    <\/style>\r\n<\/head>\r\n<body>\r\n\r\n<div class=\"terms-of-use-container\">\r\n\r\n<div class=\"main-title\">Acuerdo de condiciones de servicio - Tasa de intermediaci\u00f3n (<span class=\"fee-amount\">0.50%<\/span>)<\/div>\r\n\r\n<p>\r\n    Al proceder al pago de la tasa de intermediaci\u00f3n de <span class=\"fee-amount\">0.50%<\/span> del importe previsto para la compra de oro o nuestra tarifa fija de 25 \u20ac, el cliente (\u201custed\u201d) acepta las siguientes condiciones del servicio prestado por <strong>GoldRefuge<\/strong> (\u201cnosotros\u201d, \u201cnos\u201d, \u201cnuestro\u201d):\r\n<\/p>\r\n\r\n<h2>1. Naturaleza del servicio<\/h2>\r\n<p>\r\n    <strong>GoldRefuge<\/strong> act\u00faa exclusivamente como intermediario independiente. Al recibir su pago y el formulario cumplimentado, nos comprometemos a:\r\n<\/p>\r\n<ul>\r\n    <li>Identificar y ponerse en contacto con un comerciante de oro verificado y de confianza en la localidad elegida (o en la localidad m\u00e1s cercana disponible con niveles aceptables de seguridad y precios).<\/li>\r\n    <li>Solicitar y verificar un presupuesto detallado basado en el importe de la inversi\u00f3n y la preferencia de distribuci\u00f3n (lingotes\/monedas) especificados por usted.<\/li>\r\n    <li>Env\u00edo del presupuesto a la direcci\u00f3n de correo electr\u00f3nico facilitada para su revisi\u00f3n directa y posible ejecuci\u00f3n con el comerciante de oro tercero.<\/li>\r\n<\/ul>\r\n\r\n<h2>2. \u00c1mbito de aplicaci\u00f3n y limitaciones<\/h2>\r\n<p>\r\n    Nuestra responsabilidad se limita estrictamente a la entrega del presupuesto verificado. No lo hacemos:\r\n<\/p>\r\n<ul>\r\n    <li>Participar en la transacci\u00f3n final entre usted y el vendedor de oro.<\/li>\r\n    <li>Actuar como procesador de pagos o custodio de fondos u oro.<\/li>\r\n    <li>Ofrecer servicios de almacenamiento, env\u00edo o posventa.<\/li>\r\n    <li>Garantizar la ejecuci\u00f3n de la cotizaci\u00f3n o cualquier cambio futuro en los precios, la disponibilidad o las pol\u00edticas reguladoras.<\/li>\r\n<\/ul>\r\n\r\n<h2>3. Descargo de responsabilidad<\/h2>\r\n<p>\r\n    Una vez que hayamos enviado el presupuesto verificado a la direcci\u00f3n de correo electr\u00f3nico que nos haya facilitado:\r\n<\/p>\r\n<ul>\r\n    <li><strong>GoldRefuge declina toda responsabilidad<\/strong> de los riesgos, retrasos, p\u00e9rdidas, errores, fraudes, problemas de entrega, problemas normativos o litigios que puedan producirse en la compra posterior o en la relaci\u00f3n entre usted y el comerciante de oro seleccionado.<\/li>\r\n    <li>Usted entiende que todas las decisiones finales, incluida la de proceder o no con la compra, se toman bajo su propia discreci\u00f3n y riesgo.<\/li>\r\n    <li>Usted acepta toda la responsabilidad de verificar el contrato final, la forma de pago, las condiciones de entrega y la conformidad legal de la transacci\u00f3n en su pa\u00eds de residencia y en el pa\u00eds de compra.<\/li>\r\n<\/ul>\r\n\r\n<h2>4. Pago no reembolsable<\/h2>\r\n<p>\r\n    En <span class=\"fee-amount\">0.50%<\/span> tasa de intermediaci\u00f3n <strong>no reembolsable<\/strong> una vez entregado el presupuesto, independientemente de que decida o no proceder a la compra.\r\n<\/p>\r\n\r\n<h2>5. Aceptaci\u00f3n<\/h2>\r\n<p>\r\n    Al marcar la casilla de aceptaci\u00f3n y completar el pago, confirma que:\r\n<\/p>\r\n<ul>\r\n    <li>Ha le\u00eddo, comprendido y aceptado estas condiciones en su totalidad.<\/li>\r\n    <li>Usted acepta que <strong>GoldRefuge<\/strong> no es responsable m\u00e1s all\u00e1 de la entrega del presupuesto.<\/li>\r\n    <li>Liberas <strong>GoldRefuge<\/strong> de cualquier reclamaci\u00f3n presente o futura relacionada con la transacci\u00f3n que pueda surgir entre usted y cualquier vendedor tercero.<\/li>\r\n<\/ul>\r\n\r\n<\/div>\r\n\r\n<\/body>\r\n<\/html>\r\n\t\t\t\t<\/div>\n\t\t\t\t<\/div>\n\t\t\t\t\t<\/div>\n\t\t<\/div>\n\t\t\t\t\t<\/div>\n\t\t<\/section>\n\t\t\t\t<\/div>","protected":false},"excerpt":{"rendered":"<p>Terms of Service Agreement \u2013 Intermediation Fee (0.50%) By proceeding with the payment of the intermediation fee of 0.50% of the intended gold purchase amount or our fixed fee of \u20ac25, the client (\u201cyou\u201d) agrees to the following terms and conditions of service provided by GoldRefuge (\u201cwe\u201d, \u201cus\u201d, \u201cour\u201d): 1. Nature of Service GoldRefuge acts [&hellip;]<\/p>","protected":false},"author":2,"featured_media":0,"parent":0,"menu_order":0,"comment_status":"closed","ping_status":"closed","template":"","meta":{"footnotes":""},"class_list":["post-952","page","type-page","status-publish","hentry"],"_links":{"self":[{"href":"https:\/\/goldrefuge.com\/es\/wp-json\/wp\/v2\/pages\/952","targetHints":{"allow":["GET"]}}],"collection":[{"href":"https:\/\/goldrefuge.com\/es\/wp-json\/wp\/v2\/pages"}],"about":[{"href":"https:\/\/goldrefuge.com\/es\/wp-json\/wp\/v2\/types\/page"}],"author":[{"embeddable":true,"href":"https:\/\/goldrefuge.com\/es\/wp-json\/wp\/v2\/users\/2"}],"replies":[{"embeddable":true,"href":"https:\/\/goldrefuge.com\/es\/wp-json\/wp\/v2\/comments?post=952"}],"version-history":[{"count":14,"href":"https:\/\/goldrefuge.com\/es\/wp-json\/wp\/v2\/pages\/952\/revisions"}],"predecessor-version":[{"id":2146,"href":"https:\/\/goldrefuge.com\/es\/wp-json\/wp\/v2\/pages\/952\/revisions\/2146"}],"wp:attachment":[{"href":"https:\/\/goldrefuge.com\/es\/wp-json\/wp\/v2\/media?parent=952"}],"curies":[{"name":"wp","href":"https:\/\/api.w.org\/{rel}","templated":true}]}}